{"id":3615,"date":"2024-02-12T09:22:47","date_gmt":"2024-02-12T09:22:47","guid":{"rendered":"https:\/\/dev.kodesolution.com\/transtex\/?page_id=3615"},"modified":"2026-03-18T15:33:27","modified_gmt":"2026-03-18T15:33:27","slug":"rreth-nesh","status":"publish","type":"page","link":"https:\/\/stichtaxi.al\/en\/rreth-nesh\/","title":{"rendered":"About Us"},"content":{"rendered":"<div data-elementor-type=\"wp-page\" data-elementor-id=\"3615\" class=\"elementor elementor-3615\" data-elementor-post-type=\"page\">\n\t\t\t\t<div class=\"elementor-element elementor-element-3803b1f gradient-bg-section2 e-flex e-con-boxed tm-col-stretched-none tm-bg-color-over-image e-con e-parent\" data-id=\"3803b1f\" data-element_type=\"container\" data-e-type=\"container\">\n\t\t\t\t\t<div class=\"e-con-inner\">\n\t\t<div class=\"elementor-element elementor-element-0fc1e24 e-con-full e-flex tm-col-stretched-none tm-bg-color-over-image e-con e-child\" data-id=\"0fc1e24\" data-element_type=\"container\" data-e-type=\"container\">\n\t\t<div class=\"elementor-element elementor-element-539356c e-con-full e-flex tm-col-stretched-none tm-bg-color-over-image e-con e-child\" data-id=\"539356c\" data-element_type=\"container\" data-e-type=\"container\">\n\t\t\t\t<div class=\"elementor-element elementor-element-3a3940c elementor-widget elementor-widget-tm-ele-animated-layers\" data-id=\"3a3940c\" data-element_type=\"widget\" data-e-type=\"widget\" data-widget_type=\"tm-ele-animated-layers.default\">\n\t\t\t\t<div class=\"elementor-widget-container\">\n\t\t\t\t\t\t\t<div class=\"tm-sc-animated-layer-advanced\">\r\n\t\t\t<div class=\"animated-layer-advanced-inner clearfix\">\r\n\t\r\n<div class=\"layer-image-wrapper layer-image  layer-image-fullwidth elementor-repeater-item-9f23757\" style=\"\">\r\n\t<div class=\"layer-inner layer-image\">\r\n\t\t<div class=\"layer-image-inner-wrapper image-hover-effect-shine\">\r\n\t\t\t\t\t<img fetchpriority=\"high\" decoding=\"async\" class=\"\" src=\"https:\/\/stichtaxi.al\/wp-content\/uploads\/2026\/03\/line3.png\" width=\"870\" height=\"1060\" alt=\"\">\r\n\t\t<\/div>\r\n\t<\/div>\r\n<\/div>\r\n\r\n<div class=\"layer-image-wrapper layer-image  layer-image-fullwidth elementor-repeater-item-43a258d\" style=\"\">\r\n\t<div class=\"layer-inner layer-image\">\r\n\t\t<div class=\"layer-image-inner-wrapper image-hover-effect-shine\">\r\n\t\t\t\t\t<img decoding=\"async\" class=\"\" src=\"https:\/\/stichtaxi.al\/wp-content\/uploads\/2026\/03\/bydsealion-400x532.jpg\" width=\"400\" height=\"532\" alt=\"\">\r\n\t\t<\/div>\r\n\t<\/div>\r\n<\/div>\r\n\r\n<div class=\"layer-image-wrapper layer-image  layer-image-fullwidth elementor-repeater-item-7962e66\" style=\"\">\r\n\t<div class=\"layer-inner layer-image\">\r\n\t\t<div class=\"layer-image-inner-wrapper image-hover-effect-shine\">\r\n\t\t\t\t\t<img decoding=\"async\" class=\"\" src=\"https:\/\/stichtaxi.al\/wp-content\/uploads\/2026\/03\/bydatto3taxi-600x609.jpg\" width=\"600\" height=\"609\" alt=\"\">\r\n\t\t<\/div>\r\n\t<\/div>\r\n<\/div>\r\n\r\n<div class=\"layer-image-wrapper layer-image  layer-image-fullwidth elementor-repeater-item-f1f5336\" style=\"\">\r\n\t<div class=\"layer-inner layer-image\">\r\n\t\t<div class=\"layer-image-inner-wrapper image-hover-effect-shine\">\r\n\t\t\t\t\t<img loading=\"lazy\" decoding=\"async\" class=\"\" src=\"https:\/\/stichtaxi.al\/wp-content\/uploads\/2024\/09\/tm6.jpg\" width=\"600\" height=\"600\" alt=\"\">\r\n\t\t<\/div>\r\n\t<\/div>\r\n<\/div>\r\n\t\t\t<\/div>\r\n\t\t\t<div class=\"clearfix\"><\/div>\r\n\t\t<\/div>\r\n\t\t\t\t\t<\/div>\n\t\t\t\t<\/div>\n\t\t\t\t<\/div>\n\t\t<div class=\"elementor-element elementor-element-80b9b9d e-con-full tm-col-stretched-none e-flex tm-bg-color-over-image e-con e-child\" data-id=\"80b9b9d\" data-element_type=\"container\" data-e-type=\"container\">\n\t\t\t\t<div class=\"elementor-element elementor-element-701dcd9 horizontal-line-align-left vertical-line-align-bottom elementor-widget elementor-widget-tm-ele-section-title\" data-id=\"701dcd9\" data-element_type=\"widget\" data-e-type=\"widget\" data-widget_type=\"tm-ele-section-title.default\">\n\t\t\t\t<div class=\"elementor-widget-container\">\n\t\t\t\t\t<div class=\"tm-sc-section-title section-title line-left-current-theme\">\r\n\t<div class=\"title-wrapper\">\r\n\t\t\t\t\r\n\r\n<div class=\"sub-title-outer\">\r\n\t\t<div class=\"subtitle\">\r\n\r\n\t\t\r\n\t\tRRETH NESH\t<\/div>\r\n\t<\/div>\t\t\t<h2 class=\"title tm-split-text split-in-right\">\r\n\r\n\t\t\r\n\t\t\t\t<span class=\"title-part1\">STICH TAXI<\/span>\r\n\t\t\t\t\r\n\t\t\r\n\t<\/h2>\r\n\t<div class=\"title-seperator-line\"><\/div>\t\t\t\t\t<\/div>\r\n<\/div>\t\t\t\t<\/div>\n\t\t\t\t<\/div>\n\t\t\t\t<div class=\"elementor-element elementor-element-7dd6451 elementor-widget elementor-widget-tm-ele-text-editor\" data-id=\"7dd6451\" data-element_type=\"widget\" data-e-type=\"widget\" data-widget_type=\"tm-ele-text-editor.default\">\n\t\t\t\t<div class=\"elementor-widget-container\">\n\t\t\t\t\t\t\t<div class=\"tm-text-editor\">\r\n\t\t<p>Stich Taxi \u00ebsht\u00eb sh\u00ebrbimi juaj i besuar n\u00eb Durr\u00ebs, i dedikuar p\u00ebr t\u2019ju \u00e7uar n\u00eb destinacion n\u00eb m\u00ebnyr\u00eb t\u00eb shpejt\u00eb, t\u00eb sigurt dhe komode. Qoft\u00eb p\u00ebr l\u00ebvizje brenda qytetit, transferta drejt aeroportit apo udh\u00ebtime m\u00eb t\u00eb gjata, ne jemi gjithmon\u00eb gati p\u00ebr ju.<\/p><p>Punojm\u00eb 24\/7 me shofer\u00eb profesionist\u00eb dhe korrekt\u00eb, q\u00eb njohin shum\u00eb mir\u00eb Durr\u00ebsin dhe zonat p\u00ebrreth, p\u00ebr t\u2019ju ofruar rrug\u00ebn m\u00eb t\u00eb shpejt\u00eb dhe sh\u00ebrbimin m\u00eb cil\u00ebsor. Mjetet tona jan\u00eb t\u00eb pastra, t\u00eb mir\u00ebmbajtura dhe t\u00eb p\u00ebrshtatshme p\u00ebr \u00e7do lloj udh\u00ebtimi.<\/p><p>Me \u00e7mime transparente dhe fokus te k\u00ebnaq\u00ebsia e klientit, Stich Taxi synon t\u00eb jet\u00eb zgjedhja juaj e par\u00eb p\u00ebr \u00e7do udh\u00ebtim n\u00eb Durr\u00ebs. Thjesht na telefononi ose rezervoni online dhe ne vijm\u00eb tek ju.<\/p>\t\t<\/div>\r\n\t\t\t\t\t<\/div>\n\t\t\t\t<\/div>\n\t\t\t\t<div class=\"elementor-element elementor-element-b769fb7 elementor-widget elementor-widget-tm-ele-list\" data-id=\"b769fb7\" data-element_type=\"widget\" data-e-type=\"widget\" data-widget_type=\"tm-ele-list.default\">\n\t\t\t\t<div class=\"elementor-widget-container\">\n\t\t\t\t\t<ul class=\"tm-sc-list\">\r\n\t<li class=\"\">\r\n\t\t\t\t<svg aria-hidden=\"true\" class=\"e-font-icon-svg e-fas-check\" viewbox=\"0 0 512 512\" xmlns=\"http:\/\/www.w3.org\/2000\/svg\"><path d=\"M173.898 439.404l-166.4-166.4c-9.997-9.997-9.997-26.206 0-36.204l36.203-36.204c9.997-9.998 26.207-9.998 36.204 0L192 312.69 432.095 72.596c9.997-9.997 26.207-9.997 36.204 0l36.203 36.204c9.997 9.997 9.997 26.206 0 36.204l-294.4 294.401c-9.998 9.997-26.207 9.997-36.204-.001z\"><\/path><\/svg>\t\t\t\t<span>\r\n\t<strong>Rezervim i thjesht\u00eb<\/strong><\/span><\/li>\t<li class=\"\">\r\n\t\t\t\t<svg aria-hidden=\"true\" class=\"e-font-icon-svg e-fas-check\" viewbox=\"0 0 512 512\" xmlns=\"http:\/\/www.w3.org\/2000\/svg\"><path d=\"M173.898 439.404l-166.4-166.4c-9.997-9.997-9.997-26.206 0-36.204l36.203-36.204c9.997-9.998 26.207-9.998 36.204 0L192 312.69 432.095 72.596c9.997-9.997 26.207-9.997 36.204 0l36.203 36.204c9.997 9.997 9.997 26.206 0 36.204l-294.4 294.401c-9.998 9.997-26.207 9.997-36.204-.001z\"><\/path><\/svg>\t\t\t\t<span>\r\n\t<strong>Shofer\u00eb profesionist\u00eb<\/strong><\/span><\/li>\t<li class=\"\">\r\n\t\t\t\t<svg aria-hidden=\"true\" class=\"e-font-icon-svg e-fas-check\" viewbox=\"0 0 512 512\" xmlns=\"http:\/\/www.w3.org\/2000\/svg\"><path d=\"M173.898 439.404l-166.4-166.4c-9.997-9.997-9.997-26.206 0-36.204l36.203-36.204c9.997-9.998 26.207-9.998 36.204 0L192 312.69 432.095 72.596c9.997-9.997 26.207-9.997 36.204 0l36.203 36.204c9.997 9.997 9.997 26.206 0 36.204l-294.4 294.401c-9.998 9.997-26.207 9.997-36.204-.001z\"><\/path><\/svg>\t\t\t\t<span>\r\n\t<strong>Disponueshm\u00ebri 24\/7<\/strong><\/span><\/li>\t<li class=\"\">\r\n\t\t\t\t<svg aria-hidden=\"true\" class=\"e-font-icon-svg e-fas-check\" viewbox=\"0 0 512 512\" xmlns=\"http:\/\/www.w3.org\/2000\/svg\"><path d=\"M173.898 439.404l-166.4-166.4c-9.997-9.997-9.997-26.206 0-36.204l36.203-36.204c9.997-9.998 26.207-9.998 36.204 0L192 312.69 432.095 72.596c9.997-9.997 26.207-9.997 36.204 0l36.203 36.204c9.997 9.997 9.997 26.206 0 36.204l-294.4 294.401c-9.998 9.997-26.207 9.997-36.204-.001z\"><\/path><\/svg>\t\t\t\t<span>\r\n\t<strong>\u00c7mime transparente<\/strong><\/span><\/li><\/ul>\t\t\t\t<\/div>\n\t\t\t\t<\/div>\n\t\t<div class=\"elementor-element elementor-element-48395f0 e-con-full e-flex tm-col-stretched-none tm-bg-color-over-image e-con e-child\" data-id=\"48395f0\" data-element_type=\"container\" data-e-type=\"container\">\n\t\t<div class=\"elementor-element elementor-element-230673b e-con-full e-flex tm-col-stretched-none tm-bg-color-over-image e-con e-child\" data-id=\"230673b\" data-element_type=\"container\" data-e-type=\"container\">\n\t\t\t\t<div class=\"elementor-element elementor-element-ad67b18 elementor-widget elementor-widget-tm-ele-iconbox\" data-id=\"ad67b18\" data-element_type=\"widget\" data-e-type=\"widget\" data-widget_type=\"tm-ele-iconbox.default\">\n\t\t\t\t<div class=\"elementor-widget-container\">\n\t\t\t\t\t<div class=\"tm-sc-icon-box icon-box icon-top font-icon icon-top animate-hover icon-rotate-y\">\r\n\t\t<div class=\"icon-box-wrapper\">\r\n\t\t\t<div class=\"icon-wrapper\">\r\n\t\t<div class=\"icon icon-round icon-type-font-icon icon-md\">\r\n\t\t\t<svg aria-hidden=\"true\" class=\"e-font-icon-svg e-fab-whatsapp-square\" viewbox=\"0 0 448 512\" xmlns=\"http:\/\/www.w3.org\/2000\/svg\"><path d=\"M224 122.8c-72.7 0-131.8 59.1-131.9 131.8 0 24.9 7 49.2 20.2 70.1l3.1 5-13.3 48.6 49.9-13.1 4.8 2.9c20.2 12 43.4 18.4 67.1 18.4h.1c72.6 0 133.3-59.1 133.3-131.8 0-35.2-15.2-68.3-40.1-93.2-25-25-58-38.7-93.2-38.7zm77.5 188.4c-3.3 9.3-19.1 17.7-26.7 18.8-12.6 1.9-22.4.9-47.5-9.9-39.7-17.2-65.7-57.2-67.7-59.8-2-2.6-16.2-21.5-16.2-41s10.2-29.1 13.9-33.1c3.6-4 7.9-5 10.6-5 2.6 0 5.3 0 7.6.1 2.4.1 5.7-.9 8.9 6.8 3.3 7.9 11.2 27.4 12.2 29.4s1.7 4.3.3 6.9c-7.6 15.2-15.7 14.6-11.6 21.6 15.3 26.3 30.6 35.4 53.9 47.1 4 2 6.3 1.7 8.6-1 2.3-2.6 9.9-11.6 12.5-15.5 2.6-4 5.3-3.3 8.9-2 3.6 1.3 23.1 10.9 27.1 12.9s6.6 3 7.6 4.6c.9 1.9.9 9.9-2.4 19.1zM400 32H48C21.5 32 0 53.5 0 80v352c0 26.5 21.5 48 48 48h352c26.5 0 48-21.5 48-48V80c0-26.5-21.5-48-48-48zM223.9 413.2c-26.6 0-52.7-6.7-75.8-19.3L64 416l22.5-82.2c-13.9-24-21.2-51.3-21.2-79.3C65.4 167.1 136.5 96 223.9 96c42.4 0 82.2 16.5 112.2 46.5 29.9 30 47.9 69.8 47.9 112.2 0 87.4-72.7 158.5-160.1 158.5z\"><\/path><\/svg>\t\t<\/div>\r\n\r\n\t\t\t<\/div>\r\n\t\t\t<div class=\"icon-text\">\r\n\t\t\t\t\t\t<div class=\"content\"><p><span>Rezervoni Online<\/span><\/p><\/div>\r\n\t\t\t\t\t<h4 class=\"icon-box-title\">\r\n\t\t\t\t\t\t<a \r\n\t\t\t\t\t\t\t\thref=\"http:\/\/wa.me\/+355693899999\">\r\n\t\t\t\t+355 69 389 9999\t\t\t<\/a>\r\n\t\t\t\t\t<\/h4>\r\n\t\t\t\t\t\r\n\t\t\t\r\n\t\t\t\t\t<\/div>\r\n\t\t<div class=\"clearfix\"><\/div>\r\n\t<\/div>\r\n<\/div>\t\t\t\t<\/div>\n\t\t\t\t<\/div>\n\t\t\t\t<\/div>\n\t\t<div class=\"elementor-element elementor-element-9bebf82 e-con-full tm-col-stretched-none e-flex tm-bg-color-over-image e-con e-child\" data-id=\"9bebf82\" data-element_type=\"container\" data-e-type=\"container\">\n\t\t\t\t<div class=\"elementor-element elementor-element-d5320a2 elementor-widget elementor-widget-image\" data-id=\"d5320a2\" data-element_type=\"widget\" data-e-type=\"widget\" data-widget_type=\"image.default\">\n\t\t\t\t\t\t\t\t\t\t\t\t\t\t\t<img loading=\"lazy\" decoding=\"async\" width=\"370\" height=\"151\" src=\"https:\/\/stichtaxi.al\/wp-content\/uploads\/2026\/03\/sitch_logo.png\" class=\"attachment-full size-full wp-image-22061\" alt=\"\" srcset=\"https:\/\/stichtaxi.al\/wp-content\/uploads\/2026\/03\/sitch_logo.png 370w, https:\/\/stichtaxi.al\/wp-content\/uploads\/2026\/03\/sitch_logo-300x122.png 300w, https:\/\/stichtaxi.al\/wp-content\/uploads\/2026\/03\/sitch_logo-18x7.png 18w\" sizes=\"(max-width: 370px) 100vw, 370px\" \/>\t\t\t\t\t\t\t\t\t\t\t\t\t\t\t<\/div>\n\t\t\t\t<\/div>\n\t\t\t\t<\/div>\n\t\t\t\t<\/div>\n\t\t\t\t<\/div>\n\t\t\t\t\t<\/div>\n\t\t\t\t<\/div>\n\t\t<div class=\"elementor-element elementor-element-a747b69 e-flex e-con-boxed tm-col-stretched-none tm-bg-color-over-image e-con e-parent\" data-id=\"a747b69\" data-element_type=\"container\" data-e-type=\"container\">\n\t\t\t\t\t<div class=\"e-con-inner\">\n\t\t<div class=\"elementor-element elementor-element-5d3a8f3 e-con-full e-flex tm-col-stretched-none tm-bg-color-over-image e-con e-child\" data-id=\"5d3a8f3\" data-element_type=\"container\" data-e-type=\"container\">\n\t\t\t\t<div class=\"elementor-element elementor-element-c9ebc27 horizontal-line-align-left vertical-line-align-bottom elementor-widget elementor-widget-tm-ele-section-title\" data-id=\"c9ebc27\" data-element_type=\"widget\" data-e-type=\"widget\" data-widget_type=\"tm-ele-section-title.default\">\n\t\t\t\t<div class=\"elementor-widget-container\">\n\t\t\t\t\t<div class=\"tm-sc-section-title section-title line-left-current-theme\">\r\n\t<div class=\"title-wrapper\">\r\n\t\t\t\t\r\n\r\n<div class=\"sub-title-outer\">\r\n\t\t<h2 class=\"subtitle\">\r\n\r\n\t\t\r\n\t\tPARTNER\u00cbT TAN\u00cb\t<\/h2>\r\n\t<\/div>\t\t\t<h3 class=\"title tm-split-text split-in-right\">\r\n\r\n\t\t\r\n\t\t\t\t<span class=\"title-part1\">BESOJN\u00cb N\u00cb SH\u00cbRBIMIN TON\u00cb<\/span>\r\n\t\t\t\t\r\n\t\t\r\n\t<\/h3>\r\n\t<div class=\"title-seperator-line\"><\/div>\t\t\t\t\t<\/div>\r\n<\/div>\t\t\t\t<\/div>\n\t\t\t\t<\/div>\n\t\t\t\t<\/div>\n\t\t\t\t<div class=\"elementor-element elementor-element-08ad83d elementor-widget elementor-widget-tm-ele-clients-logo\" data-id=\"08ad83d\" data-element_type=\"widget\" data-e-type=\"widget\" data-widget_type=\"tm-ele-clients-logo.default\">\n\t\t\t\t<div class=\"elementor-widget-container\">\n\t\t\t\t\t\t<div class=\"tm-sc-clients-logo clients-carousel tm-swiper-container clients-animation-grayscale\" data-items=\"4\" data-space=\"30\" data-autoplay=\"true\" data-loop=\"true\" data-centered=\"true\" data-arrow=\"true\" data-bullets=\"true\" data-pagination-type=\"bullets\" data-xxl-items=\"4\" data-lg-items=\"3\" data-md-items=\"2\" data-sm-items=\"1\" data-xs-items=\"1\" data-delay=\"3000\" data-speed=\"300\" data-freemod=\"false\" data-reversedir=\"false\">\r\n\t\t<div class=\"swiper-container-inner\">\r\n\t\t\t<div class=\"swiper-wrapper\">\r\n\t\t\t\t<!-- the loop -->\r\n\t\t\t\t\t\t\t\t\t<div class=\"swiper-slide\">\r\n\t\t\t\t\t\t<div class=\"each-logo\">\r\n\t<img loading=\"lazy\" decoding=\"async\" class=\"thumb\" src=\"https:\/\/stichtaxi.al\/wp-content\/uploads\/2026\/03\/sitch_logo.png\"  width=\"370\" height=\"151\" alt=\"\"><\/div>\t\t\t\t\t<\/div>\r\n\t\t\t\t\t\t\t\t\t<div class=\"swiper-slide\">\r\n\t\t\t\t\t\t<div class=\"each-logo\">\r\n\t<img loading=\"lazy\" decoding=\"async\" class=\"thumb\" src=\"https:\/\/stichtaxi.al\/wp-content\/uploads\/2026\/03\/sitch_logo.png\"  width=\"370\" height=\"151\" alt=\"\"><\/div>\t\t\t\t\t<\/div>\r\n\t\t\t\t\t\t\t\t\t<div class=\"swiper-slide\">\r\n\t\t\t\t\t\t<div class=\"each-logo\">\r\n\t<img loading=\"lazy\" decoding=\"async\" class=\"thumb\" src=\"https:\/\/stichtaxi.al\/wp-content\/uploads\/2026\/03\/sitch_logo.png\"  width=\"370\" height=\"151\" alt=\"\"><\/div>\t\t\t\t\t<\/div>\r\n\t\t\t\t\t\t\t\t\t<div class=\"swiper-slide\">\r\n\t\t\t\t\t\t<div class=\"each-logo\">\r\n\t<img loading=\"lazy\" decoding=\"async\" class=\"thumb\" src=\"https:\/\/stichtaxi.al\/wp-content\/uploads\/2026\/03\/sitch_logo.png\"  width=\"370\" height=\"151\" alt=\"\"><\/div>\t\t\t\t\t<\/div>\r\n\t\t\t\t\t\t\t\t\t<div class=\"swiper-slide\">\r\n\t\t\t\t\t\t<div class=\"each-logo\">\r\n\t<img loading=\"lazy\" decoding=\"async\" class=\"thumb\" src=\"https:\/\/stichtaxi.al\/wp-content\/uploads\/2026\/03\/sitch_logo.png\"  width=\"370\" height=\"151\" alt=\"\"><\/div>\t\t\t\t\t<\/div>\r\n\t\t\t\t\t\t\t\t<!-- end of the loop -->\r\n\t\t\t<\/div>\r\n\t\t<\/div>\r\n\r\n\t\t<div class=\"swiper-pagination\"><\/div>\r\n\r\n\t\t<div class=\"tm-swiper-arrow tm-swiper-button-wrap\">\r\n\t\t\t<div class=\"tm-swiper-arrow tm-swiper-button-prev\"><i class=\"lnr-icon-arrow-left\"><\/i><\/div>\r\n\t\t\t<div class=\"tm-swiper-arrow tm-swiper-button-next\"><i class=\"lnr-icon-arrow-right\"><\/i><\/div>\r\n\t\t<\/div>\r\n\t<\/div>\r\n\t\t\t\t<\/div>\n\t\t\t\t<\/div>\n\t\t\t\t\t<\/div>\n\t\t\t\t<\/div>\n\t\t\t\t<\/div>","protected":false},"excerpt":{"rendered":"<p>RRETH NESH STICH TAXI Stich Taxi \u00ebsht\u00eb sh\u00ebrbimi juaj i besuar n\u00eb Durr\u00ebs, i dedikuar p\u00ebr t\u2019ju \u00e7uar n\u00eb destinacion&#8230;<\/p>","protected":false},"author":1,"featured_media":0,"parent":0,"menu_order":0,"comment_status":"closed","ping_status":"closed","template":"","meta":{"_monsterinsights_skip_tracking":false,"_monsterinsights_sitenote_active":false,"_monsterinsights_sitenote_note":"","_monsterinsights_sitenote_category":0,"footnotes":""},"class_list":["post-3615","page","type-page","status-publish","hentry"],"aioseo_notices":[],"_links":{"self":[{"href":"https:\/\/stichtaxi.al\/en\/wp-json\/wp\/v2\/pages\/3615","targetHints":{"allow":["GET"]}}],"collection":[{"href":"https:\/\/stichtaxi.al\/en\/wp-json\/wp\/v2\/pages"}],"about":[{"href":"https:\/\/stichtaxi.al\/en\/wp-json\/wp\/v2\/types\/page"}],"author":[{"embeddable":true,"href":"https:\/\/stichtaxi.al\/en\/wp-json\/wp\/v2\/users\/1"}],"replies":[{"embeddable":true,"href":"https:\/\/stichtaxi.al\/en\/wp-json\/wp\/v2\/comments?post=3615"}],"version-history":[{"count":54,"href":"https:\/\/stichtaxi.al\/en\/wp-json\/wp\/v2\/pages\/3615\/revisions"}],"predecessor-version":[{"id":22143,"href":"https:\/\/stichtaxi.al\/en\/wp-json\/wp\/v2\/pages\/3615\/revisions\/22143"}],"wp:attachment":[{"href":"https:\/\/stichtaxi.al\/en\/wp-json\/wp\/v2\/media?parent=3615"}],"curies":[{"name":"wp","href":"https:\/\/api.w.org\/{rel}","templated":true}]}}